{"id":105,"date":"2023-08-08T22:27:38","date_gmt":"2023-08-08T22:27:38","guid":{"rendered":"https:\/\/nuevolegarchivo.lupagencia.net\/?page_id=105"},"modified":"2023-09-18T20:13:11","modified_gmt":"2023-09-18T20:13:11","slug":"otro-material-de-archivo","status":"publish","type":"page","link":"https:\/\/nuevolegarchivo.lupagencia.net\/index.php\/otro-material-de-archivo\/","title":{"rendered":"Otro material de archivo"},"content":{"rendered":"\t\t<div data-elementor-type=\"wp-page\" data-elementor-id=\"105\" class=\"elementor elementor-105\" data-elementor-post-type=\"page\">\n\t\t\t\t\t\t\t\t\t<section class=\"elementor-section elementor-top-section elementor-element elementor-element-7ee07a1 elementor-section-boxed elementor-section-height-default elementor-section-height-default wpr-particle-no wpr-jarallax-no wpr-parallax-no wpr-sticky-section-no\" data-id=\"7ee07a1\" data-element_type=\"section\" data-settings=\"{&quot;background_background&quot;:&quot;classic&quot;,&quot;background_motion_fx_motion_fx_scrolling&quot;:&quot;yes&quot;,&quot;background_motion_fx_translateY_effect&quot;:&quot;yes&quot;,&quot;background_motion_fx_translateY_speed&quot;:{&quot;unit&quot;:&quot;px&quot;,&quot;size&quot;:4,&quot;sizes&quot;:[]},&quot;background_motion_fx_translateY_affectedRange&quot;:{&quot;unit&quot;:&quot;%&quot;,&quot;size&quot;:&quot;&quot;,&quot;sizes&quot;:{&quot;start&quot;:0,&quot;end&quot;:100}},&quot;background_motion_fx_devices&quot;:[&quot;desktop&quot;,&quot;tablet&quot;,&quot;mobile&quot;]}\">\n\t\t\t\t\t\t\t<div class=\"elementor-background-overlay\"><\/div>\n\t\t\t\t\t\t\t<div class=\"elementor-container elementor-column-gap-default\">\n\t\t\t\t\t<div class=\"elementor-column elementor-col-50 elementor-top-column elementor-element elementor-element-0b95097\" data-id=\"0b95097\" data-element_type=\"column\">\n\t\t\t<div class=\"elementor-widget-wrap elementor-element-populated\">\n\t\t\t\t\t\t\t\t<div class=\"elementor-element elementor-element-dd948f5 elementor-icon-list--layout-inline elementor-list-item-link-full_width elementor-widget elementor-widget-icon-list\" data-id=\"dd948f5\" data-element_type=\"widget\" data-widget_type=\"icon-list.default\">\n\t\t\t\t<div class=\"elementor-widget-container\">\n\t\t\t<link rel=\"stylesheet\" href=\"https:\/\/nuevolegarchivo.lupagencia.net\/wp-content\/plugins\/elementor\/assets\/css\/widget-icon-list.min.css\">\t\t<ul class=\"elementor-icon-list-items elementor-inline-items\">\n\t\t\t\t\t\t\t<li class=\"elementor-icon-list-item elementor-inline-item\">\n\t\t\t\t\t\t\t\t\t\t\t<a href=\"https:\/\/nuevolegarchivo.lupagencia.net\">\n\n\t\t\t\t\t\t\t\t\t\t\t<span class=\"elementor-icon-list-text\">inicio<\/span>\n\t\t\t\t\t\t\t\t\t\t\t<\/a>\n\t\t\t\t\t\t\t\t\t<\/li>\n\t\t\t\t\t\t\t\t<li class=\"elementor-icon-list-item elementor-inline-item\">\n\t\t\t\t\t\t\t\t\t\t\t<a href=\"https:\/\/nuevolegarchivo.lupagencia.net\/index.php\/productos-para-archivo\/\">\n\n\t\t\t\t\t\t\t\t\t\t\t\t<span class=\"elementor-icon-list-icon\">\n\t\t\t\t\t\t\t<i aria-hidden=\"true\" class=\"fas fa-caret-right\"><\/i>\t\t\t\t\t\t<\/span>\n\t\t\t\t\t\t\t\t\t\t<span class=\"elementor-icon-list-text\">Productos de archivo<\/span>\n\t\t\t\t\t\t\t\t\t\t\t<\/a>\n\t\t\t\t\t\t\t\t\t<\/li>\n\t\t\t\t\t\t\t\t<li class=\"elementor-icon-list-item elementor-inline-item\">\n\t\t\t\t\t\t\t\t\t\t\t<a href=\"https:\/\/nuevolegarchivo.lupagencia.net\/index.php\/carpetas-de-archivo\/\">\n\n\t\t\t\t\t\t\t\t\t\t\t\t<span class=\"elementor-icon-list-icon\">\n\t\t\t\t\t\t\t<i aria-hidden=\"true\" class=\"fas fa-caret-right\"><\/i>\t\t\t\t\t\t<\/span>\n\t\t\t\t\t\t\t\t\t\t<span class=\"elementor-icon-list-text\"><\/span>\n\t\t\t\t\t\t\t\t\t\t\t<\/a>\n\t\t\t\t\t\t\t\t\t<\/li>\n\t\t\t\t\t\t<\/ul>\n\t\t\t\t<\/div>\n\t\t\t\t<\/div>\n\t\t\t\t<div class=\"elementor-element elementor-element-23c58be elementor-headline--style-highlight elementor-widget elementor-widget-animated-headline\" data-id=\"23c58be\" data-element_type=\"widget\" data-settings=\"{&quot;highlighted_text&quot;:&quot;de archivo&quot;,&quot;headline_style&quot;:&quot;highlight&quot;,&quot;marker&quot;:&quot;circle&quot;,&quot;loop&quot;:&quot;yes&quot;,&quot;highlight_animation_duration&quot;:1200,&quot;highlight_iteration_delay&quot;:8000}\" data-widget_type=\"animated-headline.default\">\n\t\t\t\t<div class=\"elementor-widget-container\">\n\t\t\t<link rel=\"stylesheet\" href=\"https:\/\/nuevolegarchivo.lupagencia.net\/wp-content\/plugins\/elementor-pro\/assets\/css\/widget-animated-headline.min.css\">\t\t<h1 class=\"elementor-headline\">\n\t\t\t\t\t<span class=\"elementor-headline-plain-text elementor-headline-text-wrapper\">Otro material<\/span>\n\t\t\t\t<span class=\"elementor-headline-dynamic-wrapper elementor-headline-text-wrapper\">\n\t\t\t\t\t<span class=\"elementor-headline-dynamic-text elementor-headline-text-active\">de archivo<\/span>\n\t\t\t\t<\/span>\n\t\t\t\t<\/h1>\n\t\t\t\t<\/div>\n\t\t\t\t<\/div>\n\t\t\t\t\t<\/div>\n\t\t<\/div>\n\t\t\t\t<div class=\"elementor-column elementor-col-50 elementor-top-column elementor-element elementor-element-f3620c1 elementor-hidden-tablet elementor-hidden-mobile\" data-id=\"f3620c1\" data-element_type=\"column\">\n\t\t\t<div class=\"elementor-widget-wrap\">\n\t\t\t\t\t\t\t\t\t<\/div>\n\t\t<\/div>\n\t\t\t\t\t\t\t<\/div>\n\t\t<\/section>\n\t\t\t\t<section class=\"elementor-section elementor-top-section elementor-element elementor-element-fb5e1e9 elementor-section-boxed elementor-section-height-default elementor-section-height-default wpr-particle-no wpr-jarallax-no wpr-parallax-no wpr-sticky-section-no\" data-id=\"fb5e1e9\" data-element_type=\"section\">\n\t\t\t\t\t\t<div class=\"elementor-container elementor-column-gap-default\">\n\t\t\t\t\t<div class=\"elementor-column elementor-col-100 elementor-top-column elementor-element elementor-element-e3dcfd4\" data-id=\"e3dcfd4\" data-element_type=\"column\">\n\t\t\t<div class=\"elementor-widget-wrap elementor-element-populated\">\n\t\t\t\t\t\t\t\t<div class=\"elementor-element elementor-element-4aa860a elementor-headline--style-highlight elementor-invisible elementor-widget elementor-widget-animated-headline\" data-id=\"4aa860a\" data-element_type=\"widget\" data-settings=\"{&quot;_animation&quot;:&quot;fadeInUp&quot;,&quot;_animation_delay&quot;:200,&quot;headline_style&quot;:&quot;highlight&quot;,&quot;marker&quot;:&quot;circle&quot;,&quot;loop&quot;:&quot;yes&quot;,&quot;highlight_animation_duration&quot;:1200,&quot;highlight_iteration_delay&quot;:8000}\" data-widget_type=\"animated-headline.default\">\n\t\t\t\t<div class=\"elementor-widget-container\">\n\t\t\t\t\t<h2 class=\"elementor-headline\">\n\t\t\t\t\t<span class=\"elementor-headline-plain-text elementor-headline-text-wrapper\">Organiza tus documentos archivando con productos de calidad <\/span>\n\t\t\t\t<span class=\"elementor-headline-dynamic-wrapper elementor-headline-text-wrapper\">\n\t\t\t\t<\/span>\n\t\t\t\t<\/h2>\n\t\t\t\t<\/div>\n\t\t\t\t<\/div>\n\t\t\t\t\t<\/div>\n\t\t<\/div>\n\t\t\t\t\t\t\t<\/div>\n\t\t<\/section>\n\t\t\t\t<section class=\"elementor-section elementor-top-section elementor-element elementor-element-bd287bf elementor-section-boxed elementor-section-height-default elementor-section-height-default wpr-particle-no wpr-jarallax-no wpr-parallax-no wpr-sticky-section-no\" data-id=\"bd287bf\" data-element_type=\"section\">\n\t\t\t\t\t\t<div class=\"elementor-container elementor-column-gap-default\">\n\t\t\t\t\t<div class=\"elementor-column elementor-col-50 elementor-top-column elementor-element elementor-element-815a17e elementor-invisible\" data-id=\"815a17e\" data-element_type=\"column\" data-settings=\"{&quot;animation&quot;:&quot;fadeInUp&quot;}\">\n\t\t\t<div class=\"elementor-widget-wrap elementor-element-populated\">\n\t\t\t\t\t\t\t\t<div class=\"elementor-element elementor-element-f918638 elementor-widget elementor-widget-image\" data-id=\"f918638\" data-element_type=\"widget\" data-widget_type=\"image.default\">\n\t\t\t\t<div class=\"elementor-widget-container\">\n\t\t\t<style>\/*! elementor - v3.16.0 - 14-09-2023 *\/\n.elementor-widget-image{text-align:center}.elementor-widget-image a{display:inline-block}.elementor-widget-image a img[src$=\".svg\"]{width:48px}.elementor-widget-image img{vertical-align:middle;display:inline-block}<\/style>\t\t\t\t\t\t\t\t\t\t\t\t<img decoding=\"async\" loading=\"lazy\" width=\"805\" height=\"683\" src=\"https:\/\/nuevolegarchivo.lupagencia.net\/wp-content\/uploads\/2023\/08\/Productos-Legarchivo-11-805x683-1.png\" class=\"attachment-full size-full wp-image-360\" alt=\"\" srcset=\"https:\/\/nuevolegarchivo.lupagencia.net\/wp-content\/uploads\/2023\/08\/Productos-Legarchivo-11-805x683-1.png 805w, https:\/\/nuevolegarchivo.lupagencia.net\/wp-content\/uploads\/2023\/08\/Productos-Legarchivo-11-805x683-1-300x255.png 300w, https:\/\/nuevolegarchivo.lupagencia.net\/wp-content\/uploads\/2023\/08\/Productos-Legarchivo-11-805x683-1-768x652.png 768w\" sizes=\"(max-width: 805px) 100vw, 805px\" \/>\t\t\t\t\t\t\t\t\t\t\t\t\t\t\t<\/div>\n\t\t\t\t<\/div>\n\t\t\t\t<section class=\"elementor-section elementor-inner-section elementor-element elementor-element-f6b2071 elementor-section-height-min-height adhesivos elementor-section-boxed elementor-section-height-default wpr-particle-no wpr-jarallax-no wpr-parallax-no wpr-sticky-section-no\" data-id=\"f6b2071\" data-element_type=\"section\" id=\"adhesivos\">\n\t\t\t\t\t\t<div class=\"elementor-container elementor-column-gap-default\">\n\t\t\t\t\t<div class=\"elementor-column elementor-col-100 elementor-inner-column elementor-element elementor-element-43f3629\" data-id=\"43f3629\" data-element_type=\"column\" data-settings=\"{&quot;background_background&quot;:&quot;classic&quot;}\">\n\t\t\t<div class=\"elementor-widget-wrap elementor-element-populated\">\n\t\t\t\t\t\t\t\t<div class=\"elementor-element elementor-element-e50c50a elementor-widget elementor-widget-heading\" data-id=\"e50c50a\" data-element_type=\"widget\" data-widget_type=\"heading.default\">\n\t\t\t\t<div class=\"elementor-widget-container\">\n\t\t\t<style>\/*! elementor - v3.16.0 - 14-09-2023 *\/\n.elementor-heading-title{padding:0;margin:0;line-height:1}.elementor-widget-heading .elementor-heading-title[class*=elementor-size-]>a{color:inherit;font-size:inherit;line-height:inherit}.elementor-widget-heading .elementor-heading-title.elementor-size-small{font-size:15px}.elementor-widget-heading .elementor-heading-title.elementor-size-medium{font-size:19px}.elementor-widget-heading .elementor-heading-title.elementor-size-large{font-size:29px}.elementor-widget-heading .elementor-heading-title.elementor-size-xl{font-size:39px}.elementor-widget-heading .elementor-heading-title.elementor-size-xxl{font-size:59px}<\/style><h4 class=\"elementor-heading-title elementor-size-default\">Adhesivos<\/h4>\t\t<\/div>\n\t\t\t\t<\/div>\n\t\t\t\t<div class=\"elementor-element elementor-element-f1addaa elementor-align-center elementor-icon-list--layout-traditional elementor-list-item-link-full_width elementor-widget elementor-widget-icon-list\" data-id=\"f1addaa\" data-element_type=\"widget\" data-widget_type=\"icon-list.default\">\n\t\t\t\t<div class=\"elementor-widget-container\">\n\t\t\t\t\t<ul class=\"elementor-icon-list-items\">\n\t\t\t\t\t\t\t<li class=\"elementor-icon-list-item\">\n\t\t\t\t\t\t\t\t\t\t<span class=\"elementor-icon-list-text\">Adqui\u00e9relos en diferentes colores<\/span>\n\t\t\t\t\t\t\t\t\t<\/li>\n\t\t\t\t\t\t\t\t<li class=\"elementor-icon-list-item\">\n\t\t\t\t\t\t\t\t\t\t<span class=\"elementor-icon-list-text\">Presentaci\u00f3n por 100 unidades<\/span>\n\t\t\t\t\t\t\t\t\t<\/li>\n\t\t\t\t\t\t<\/ul>\n\t\t\t\t<\/div>\n\t\t\t\t<\/div>\n\t\t\t\t<div class=\"elementor-element elementor-element-ff76f7d elementor-align-center elementor-widget elementor-widget-button\" data-id=\"ff76f7d\" data-element_type=\"widget\" data-widget_type=\"button.default\">\n\t\t\t\t<div class=\"elementor-widget-container\">\n\t\t\t\t\t<div class=\"elementor-button-wrapper\">\n\t\t\t<a class=\"elementor-button elementor-button-link elementor-size-sm elementor-animation-sink\" href=\"https:\/\/nuevolegarchivo.lupagencia.net\/index.php\/contacto\/\">\n\t\t\t\t\t\t<span class=\"elementor-button-content-wrapper\">\n\t\t\t\t\t\t<span class=\"elementor-button-text\">M\u00e1s informaci\u00f3n<\/span>\n\t\t<\/span>\n\t\t\t\t\t<\/a>\n\t\t<\/div>\n\t\t\t\t<\/div>\n\t\t\t\t<\/div>\n\t\t\t\t\t<\/div>\n\t\t<\/div>\n\t\t\t\t\t\t\t<\/div>\n\t\t<\/section>\n\t\t\t\t\t<\/div>\n\t\t<\/div>\n\t\t\t\t<div class=\"elementor-column elementor-col-50 elementor-top-column elementor-element elementor-element-3cc4726 elementor-invisible\" data-id=\"3cc4726\" data-element_type=\"column\" data-settings=\"{&quot;animation&quot;:&quot;fadeInUp&quot;,&quot;animation_delay&quot;:200}\">\n\t\t\t<div class=\"elementor-widget-wrap elementor-element-populated\">\n\t\t\t\t\t\t\t\t<div class=\"elementor-element elementor-element-90555ca elementor-widget elementor-widget-image\" data-id=\"90555ca\" data-element_type=\"widget\" data-widget_type=\"image.default\">\n\t\t\t\t<div class=\"elementor-widget-container\">\n\t\t\t\t\t\t\t\t\t\t\t\t\t\t\t<img decoding=\"async\" loading=\"lazy\" width=\"805\" height=\"683\" src=\"https:\/\/nuevolegarchivo.lupagencia.net\/wp-content\/uploads\/2023\/08\/GANCHOS-TIPO-FOLIO-300x300-1.png\" class=\"attachment-full size-full wp-image-361\" alt=\"\" srcset=\"https:\/\/nuevolegarchivo.lupagencia.net\/wp-content\/uploads\/2023\/08\/GANCHOS-TIPO-FOLIO-300x300-1.png 805w, https:\/\/nuevolegarchivo.lupagencia.net\/wp-content\/uploads\/2023\/08\/GANCHOS-TIPO-FOLIO-300x300-1-300x255.png 300w, https:\/\/nuevolegarchivo.lupagencia.net\/wp-content\/uploads\/2023\/08\/GANCHOS-TIPO-FOLIO-300x300-1-768x652.png 768w\" sizes=\"(max-width: 805px) 100vw, 805px\" \/>\t\t\t\t\t\t\t\t\t\t\t\t\t\t\t<\/div>\n\t\t\t\t<\/div>\n\t\t\t\t<section class=\"elementor-section elementor-inner-section elementor-element elementor-element-9ce9186 ganchos elementor-section-boxed elementor-section-height-default elementor-section-height-default wpr-particle-no wpr-jarallax-no wpr-parallax-no wpr-sticky-section-no\" data-id=\"9ce9186\" data-element_type=\"section\" id=\"ganchos\">\n\t\t\t\t\t\t<div class=\"elementor-container elementor-column-gap-default\">\n\t\t\t\t\t<div class=\"elementor-column elementor-col-100 elementor-inner-column elementor-element elementor-element-17ee163\" data-id=\"17ee163\" data-element_type=\"column\" data-settings=\"{&quot;background_background&quot;:&quot;classic&quot;}\">\n\t\t\t<div class=\"elementor-widget-wrap elementor-element-populated\">\n\t\t\t\t\t\t\t\t<div class=\"elementor-element elementor-element-22bc895 elementor-widget elementor-widget-heading\" data-id=\"22bc895\" data-element_type=\"widget\" data-widget_type=\"heading.default\">\n\t\t\t\t<div class=\"elementor-widget-container\">\n\t\t\t<h4 class=\"elementor-heading-title elementor-size-default\">Ganchos<\/h4>\t\t<\/div>\n\t\t\t\t<\/div>\n\t\t\t\t<div class=\"elementor-element elementor-element-c059f3e elementor-align-center elementor-icon-list--layout-traditional elementor-list-item-link-full_width elementor-widget elementor-widget-icon-list\" data-id=\"c059f3e\" data-element_type=\"widget\" data-widget_type=\"icon-list.default\">\n\t\t\t\t<div class=\"elementor-widget-container\">\n\t\t\t\t\t<ul class=\"elementor-icon-list-items\">\n\t\t\t\t\t\t\t<li class=\"elementor-icon-list-item\">\n\t\t\t\t\t\t\t\t\t\t<span class=\"elementor-icon-list-text\">Gancho pl\u00e1stico tipo corredera de 2 o 3 piezas<\/span>\n\t\t\t\t\t\t\t\t\t<\/li>\n\t\t\t\t\t\t\t\t<li class=\"elementor-icon-list-item\">\n\t\t\t\t\t\t\t\t\t\t<span class=\"elementor-icon-list-text\">Gancho pl\u00e1stico tipo folio de 13 y 18 cm<\/span>\n\t\t\t\t\t\t\t\t\t<\/li>\n\t\t\t\t\t\t\t\t<li class=\"elementor-icon-list-item\">\n\t\t\t\t\t\t\t\t\t\t<span class=\"elementor-icon-list-text\">Gancho legajador Fast-In<\/span>\n\t\t\t\t\t\t\t\t\t<\/li>\n\t\t\t\t\t\t<\/ul>\n\t\t\t\t<\/div>\n\t\t\t\t<\/div>\n\t\t\t\t<div class=\"elementor-element elementor-element-094affd elementor-align-center elementor-widget elementor-widget-button\" data-id=\"094affd\" data-element_type=\"widget\" data-widget_type=\"button.default\">\n\t\t\t\t<div class=\"elementor-widget-container\">\n\t\t\t\t\t<div class=\"elementor-button-wrapper\">\n\t\t\t<a class=\"elementor-button elementor-button-link elementor-size-sm elementor-animation-sink\" href=\"https:\/\/nuevolegarchivo.lupagencia.net\/index.php\/contacto\/\">\n\t\t\t\t\t\t<span class=\"elementor-button-content-wrapper\">\n\t\t\t\t\t\t<span class=\"elementor-button-text\">M\u00e1s informaci\u00f3n<\/span>\n\t\t<\/span>\n\t\t\t\t\t<\/a>\n\t\t<\/div>\n\t\t\t\t<\/div>\n\t\t\t\t<\/div>\n\t\t\t\t\t<\/div>\n\t\t<\/div>\n\t\t\t\t\t\t\t<\/div>\n\t\t<\/section>\n\t\t\t\t\t<\/div>\n\t\t<\/div>\n\t\t\t\t\t\t\t<\/div>\n\t\t<\/section>\n\t\t\t\t\t\t\t<\/div>\n\t\t","protected":false},"excerpt":{"rendered":"<p>inicio Productos de archivo Otro material de archivo Organiza tus documentos archivando con productos de calidad Adhesivos Adqui\u00e9relos en diferentes colores Presentaci\u00f3n por 100 unidades M\u00e1s informaci\u00f3n Ganchos Gancho pl\u00e1stico tipo corredera de 2 o 3 piezas Gancho pl\u00e1stico tipo folio de 13 y 18 cm Gancho legajador Fast-In M\u00e1s informaci\u00f3n<\/p>\n","protected":false},"author":1,"featured_media":0,"parent":0,"menu_order":0,"comment_status":"closed","ping_status":"closed","template":"","meta":{"footnotes":""},"yoast_head":"<!-- This site is optimized with the Yoast SEO plugin v21.1 - https:\/\/yoast.com\/wordpress\/plugins\/seo\/ -->\n<title>Otro material de archivo - Legarchivo<\/title>\n<meta name=\"robots\" content=\"index, follow, max-snippet:-1, max-image-preview:large, max-video-preview:-1\" \/>\n<link rel=\"canonical\" href=\"https:\/\/nuevolegarchivo.lupagencia.net\/index.php\/otro-material-de-archivo\/\" \/>\n<meta property=\"og:locale\" content=\"es_ES\" \/>\n<meta property=\"og:type\" content=\"article\" \/>\n<meta property=\"og:title\" content=\"Otro material de archivo - Legarchivo\" \/>\n<meta property=\"og:description\" content=\"inicio Productos de archivo Otro material de archivo Organiza tus documentos archivando con productos de calidad Adhesivos Adqui\u00e9relos en diferentes colores Presentaci\u00f3n por 100 unidades M\u00e1s informaci\u00f3n Ganchos Gancho pl\u00e1stico tipo corredera de 2 o 3 piezas Gancho pl\u00e1stico tipo folio de 13 y 18 cm Gancho legajador Fast-In M\u00e1s informaci\u00f3n\" \/>\n<meta property=\"og:url\" content=\"https:\/\/nuevolegarchivo.lupagencia.net\/index.php\/otro-material-de-archivo\/\" \/>\n<meta property=\"og:site_name\" content=\"Legarchivo\" \/>\n<meta property=\"article:publisher\" content=\"https:\/\/www.facebook.com\/atencion.legarchivo.1\/\" \/>\n<meta property=\"article:modified_time\" content=\"2023-09-18T20:13:11+00:00\" \/>\n<meta property=\"og:image\" content=\"http:\/\/nuevolegarchivo.lupagencia.net\/wp-content\/uploads\/2023\/08\/Productos-Legarchivo-11-805x683-1.png\" \/>\n<meta name=\"twitter:card\" content=\"summary_large_image\" \/>\n<script type=\"application\/ld+json\" class=\"yoast-schema-graph\">{\"@context\":\"https:\/\/schema.org\",\"@graph\":[{\"@type\":\"WebPage\",\"@id\":\"https:\/\/nuevolegarchivo.lupagencia.net\/index.php\/otro-material-de-archivo\/\",\"url\":\"https:\/\/nuevolegarchivo.lupagencia.net\/index.php\/otro-material-de-archivo\/\",\"name\":\"Otro material de archivo - Legarchivo\",\"isPartOf\":{\"@id\":\"https:\/\/nuevolegarchivo.lupagencia.net\/#website\"},\"datePublished\":\"2023-08-08T22:27:38+00:00\",\"dateModified\":\"2023-09-18T20:13:11+00:00\",\"breadcrumb\":{\"@id\":\"https:\/\/nuevolegarchivo.lupagencia.net\/index.php\/otro-material-de-archivo\/#breadcrumb\"},\"inLanguage\":\"es-CO\",\"potentialAction\":[{\"@type\":\"ReadAction\",\"target\":[\"https:\/\/nuevolegarchivo.lupagencia.net\/index.php\/otro-material-de-archivo\/\"]}]},{\"@type\":\"BreadcrumbList\",\"@id\":\"https:\/\/nuevolegarchivo.lupagencia.net\/index.php\/otro-material-de-archivo\/#breadcrumb\",\"itemListElement\":[{\"@type\":\"ListItem\",\"position\":1,\"name\":\"Inicio\",\"item\":\"https:\/\/nuevolegarchivo.lupagencia.net\/\"},{\"@type\":\"ListItem\",\"position\":2,\"name\":\"Otro material de archivo\"}]},{\"@type\":\"WebSite\",\"@id\":\"https:\/\/nuevolegarchivo.lupagencia.net\/#website\",\"url\":\"https:\/\/nuevolegarchivo.lupagencia.net\/\",\"name\":\"Legarchivo\",\"description\":\"\",\"publisher\":{\"@id\":\"https:\/\/nuevolegarchivo.lupagencia.net\/#organization\"},\"potentialAction\":[{\"@type\":\"SearchAction\",\"target\":{\"@type\":\"EntryPoint\",\"urlTemplate\":\"https:\/\/nuevolegarchivo.lupagencia.net\/?s={search_term_string}\"},\"query-input\":\"required name=search_term_string\"}],\"inLanguage\":\"es-CO\"},{\"@type\":\"Organization\",\"@id\":\"https:\/\/nuevolegarchivo.lupagencia.net\/#organization\",\"name\":\"Legarchivo\",\"url\":\"https:\/\/nuevolegarchivo.lupagencia.net\/\",\"logo\":{\"@type\":\"ImageObject\",\"inLanguage\":\"es-CO\",\"@id\":\"https:\/\/nuevolegarchivo.lupagencia.net\/#\/schema\/logo\/image\/\",\"url\":\"http:\/\/nuevolegarchivo.lupagencia.net\/wp-content\/uploads\/2023\/08\/LOGO-LEGARCHIVO-06.png\",\"contentUrl\":\"http:\/\/nuevolegarchivo.lupagencia.net\/wp-content\/uploads\/2023\/08\/LOGO-LEGARCHIVO-06.png\",\"width\":1043,\"height\":1043,\"caption\":\"Legarchivo\"},\"image\":{\"@id\":\"https:\/\/nuevolegarchivo.lupagencia.net\/#\/schema\/logo\/image\/\"},\"sameAs\":[\"https:\/\/www.facebook.com\/atencion.legarchivo.1\/\",\"https:\/\/www.linkedin.com\/company\/legarchivo\/\"]}]}<\/script>\n<!-- \/ Yoast SEO plugin. -->","yoast_head_json":{"title":"Otro material de archivo - Legarchivo","robots":{"index":"index","follow":"follow","max-snippet":"max-snippet:-1","max-image-preview":"max-image-preview:large","max-video-preview":"max-video-preview:-1"},"canonical":"https:\/\/nuevolegarchivo.lupagencia.net\/index.php\/otro-material-de-archivo\/","og_locale":"es_ES","og_type":"article","og_title":"Otro material de archivo - Legarchivo","og_description":"inicio Productos de archivo Otro material de archivo Organiza tus documentos archivando con productos de calidad Adhesivos Adqui\u00e9relos en diferentes colores Presentaci\u00f3n por 100 unidades M\u00e1s informaci\u00f3n Ganchos Gancho pl\u00e1stico tipo corredera de 2 o 3 piezas Gancho pl\u00e1stico tipo folio de 13 y 18 cm Gancho legajador Fast-In M\u00e1s informaci\u00f3n","og_url":"https:\/\/nuevolegarchivo.lupagencia.net\/index.php\/otro-material-de-archivo\/","og_site_name":"Legarchivo","article_publisher":"https:\/\/www.facebook.com\/atencion.legarchivo.1\/","article_modified_time":"2023-09-18T20:13:11+00:00","og_image":[{"url":"http:\/\/nuevolegarchivo.lupagencia.net\/wp-content\/uploads\/2023\/08\/Productos-Legarchivo-11-805x683-1.png"}],"twitter_card":"summary_large_image","schema":{"@context":"https:\/\/schema.org","@graph":[{"@type":"WebPage","@id":"https:\/\/nuevolegarchivo.lupagencia.net\/index.php\/otro-material-de-archivo\/","url":"https:\/\/nuevolegarchivo.lupagencia.net\/index.php\/otro-material-de-archivo\/","name":"Otro material de archivo - Legarchivo","isPartOf":{"@id":"https:\/\/nuevolegarchivo.lupagencia.net\/#website"},"datePublished":"2023-08-08T22:27:38+00:00","dateModified":"2023-09-18T20:13:11+00:00","breadcrumb":{"@id":"https:\/\/nuevolegarchivo.lupagencia.net\/index.php\/otro-material-de-archivo\/#breadcrumb"},"inLanguage":"es-CO","potentialAction":[{"@type":"ReadAction","target":["https:\/\/nuevolegarchivo.lupagencia.net\/index.php\/otro-material-de-archivo\/"]}]},{"@type":"BreadcrumbList","@id":"https:\/\/nuevolegarchivo.lupagencia.net\/index.php\/otro-material-de-archivo\/#breadcrumb","itemListElement":[{"@type":"ListItem","position":1,"name":"Inicio","item":"https:\/\/nuevolegarchivo.lupagencia.net\/"},{"@type":"ListItem","position":2,"name":"Otro material de archivo"}]},{"@type":"WebSite","@id":"https:\/\/nuevolegarchivo.lupagencia.net\/#website","url":"https:\/\/nuevolegarchivo.lupagencia.net\/","name":"Legarchivo","description":"","publisher":{"@id":"https:\/\/nuevolegarchivo.lupagencia.net\/#organization"},"potentialAction":[{"@type":"SearchAction","target":{"@type":"EntryPoint","urlTemplate":"https:\/\/nuevolegarchivo.lupagencia.net\/?s={search_term_string}"},"query-input":"required name=search_term_string"}],"inLanguage":"es-CO"},{"@type":"Organization","@id":"https:\/\/nuevolegarchivo.lupagencia.net\/#organization","name":"Legarchivo","url":"https:\/\/nuevolegarchivo.lupagencia.net\/","logo":{"@type":"ImageObject","inLanguage":"es-CO","@id":"https:\/\/nuevolegarchivo.lupagencia.net\/#\/schema\/logo\/image\/","url":"http:\/\/nuevolegarchivo.lupagencia.net\/wp-content\/uploads\/2023\/08\/LOGO-LEGARCHIVO-06.png","contentUrl":"http:\/\/nuevolegarchivo.lupagencia.net\/wp-content\/uploads\/2023\/08\/LOGO-LEGARCHIVO-06.png","width":1043,"height":1043,"caption":"Legarchivo"},"image":{"@id":"https:\/\/nuevolegarchivo.lupagencia.net\/#\/schema\/logo\/image\/"},"sameAs":["https:\/\/www.facebook.com\/atencion.legarchivo.1\/","https:\/\/www.linkedin.com\/company\/legarchivo\/"]}]}},"_links":{"self":[{"href":"https:\/\/nuevolegarchivo.lupagencia.net\/index.php\/wp-json\/wp\/v2\/pages\/105"}],"collection":[{"href":"https:\/\/nuevolegarchivo.lupagencia.net\/index.php\/wp-json\/wp\/v2\/pages"}],"about":[{"href":"https:\/\/nuevolegarchivo.lupagencia.net\/index.php\/wp-json\/wp\/v2\/types\/page"}],"author":[{"embeddable":true,"href":"https:\/\/nuevolegarchivo.lupagencia.net\/index.php\/wp-json\/wp\/v2\/users\/1"}],"replies":[{"embeddable":true,"href":"https:\/\/nuevolegarchivo.lupagencia.net\/index.php\/wp-json\/wp\/v2\/comments?post=105"}],"version-history":[{"count":28,"href":"https:\/\/nuevolegarchivo.lupagencia.net\/index.php\/wp-json\/wp\/v2\/pages\/105\/revisions"}],"predecessor-version":[{"id":1137,"href":"https:\/\/nuevolegarchivo.lupagencia.net\/index.php\/wp-json\/wp\/v2\/pages\/105\/revisions\/1137"}],"wp:attachment":[{"href":"https:\/\/nuevolegarchivo.lupagencia.net\/index.php\/wp-json\/wp\/v2\/media?parent=105"}],"curies":[{"name":"wp","href":"https:\/\/api.w.org\/{rel}","templated":true}]}}