{"id":111,"date":"2023-08-08T22:28:57","date_gmt":"2023-08-08T22:28:57","guid":{"rendered":"https:\/\/nuevolegarchivo.lupagencia.net\/?page_id=111"},"modified":"2023-09-17T22:32:39","modified_gmt":"2023-09-17T22:32:39","slug":"almanaques","status":"publish","type":"page","link":"https:\/\/nuevolegarchivo.lupagencia.net\/index.php\/almanaques\/","title":{"rendered":"Almanaques"},"content":{"rendered":"\t\t<div data-elementor-type=\"wp-page\" data-elementor-id=\"111\" class=\"elementor elementor-111\" data-elementor-post-type=\"page\">\n\t\t\t\t\t\t\t\t\t<section class=\"elementor-section elementor-top-section elementor-element elementor-element-8c88777 elementor-section-boxed elementor-section-height-default elementor-section-height-default wpr-particle-no wpr-jarallax-no wpr-parallax-no wpr-sticky-section-no\" data-id=\"8c88777\" data-element_type=\"section\" data-settings=\"{&quot;background_background&quot;:&quot;classic&quot;,&quot;background_motion_fx_motion_fx_scrolling&quot;:&quot;yes&quot;,&quot;background_motion_fx_translateY_effect&quot;:&quot;yes&quot;,&quot;background_motion_fx_translateY_speed&quot;:{&quot;unit&quot;:&quot;px&quot;,&quot;size&quot;:4,&quot;sizes&quot;:[]},&quot;background_motion_fx_translateY_affectedRange&quot;:{&quot;unit&quot;:&quot;%&quot;,&quot;size&quot;:&quot;&quot;,&quot;sizes&quot;:{&quot;start&quot;:0,&quot;end&quot;:100}},&quot;background_motion_fx_devices&quot;:[&quot;desktop&quot;,&quot;tablet&quot;,&quot;mobile&quot;]}\">\n\t\t\t\t\t\t\t<div class=\"elementor-background-overlay\"><\/div>\n\t\t\t\t\t\t\t<div class=\"elementor-container elementor-column-gap-default\">\n\t\t\t\t\t<div class=\"elementor-column elementor-col-50 elementor-top-column elementor-element elementor-element-e35b85d\" data-id=\"e35b85d\" data-element_type=\"column\">\n\t\t\t<div class=\"elementor-widget-wrap elementor-element-populated\">\n\t\t\t\t\t\t\t\t<div class=\"elementor-element elementor-element-99c213e elementor-icon-list--layout-inline elementor-list-item-link-full_width elementor-widget elementor-widget-icon-list\" data-id=\"99c213e\" data-element_type=\"widget\" data-widget_type=\"icon-list.default\">\n\t\t\t\t<div class=\"elementor-widget-container\">\n\t\t\t<link rel=\"stylesheet\" href=\"https:\/\/nuevolegarchivo.lupagencia.net\/wp-content\/plugins\/elementor\/assets\/css\/widget-icon-list.min.css\">\t\t<ul class=\"elementor-icon-list-items elementor-inline-items\">\n\t\t\t\t\t\t\t<li class=\"elementor-icon-list-item elementor-inline-item\">\n\t\t\t\t\t\t\t\t\t\t\t<a href=\"https:\/\/nuevolegarchivo.lupagencia.net\">\n\n\t\t\t\t\t\t\t\t\t\t\t<span class=\"elementor-icon-list-text\">Home<\/span>\n\t\t\t\t\t\t\t\t\t\t\t<\/a>\n\t\t\t\t\t\t\t\t\t<\/li>\n\t\t\t\t\t\t\t\t<li class=\"elementor-icon-list-item elementor-inline-item\">\n\t\t\t\t\t\t\t\t\t\t\t<a href=\"https:\/\/nuevolegarchivo.lupagencia.net\/index.php\/productos-impresos\/\">\n\n\t\t\t\t\t\t\t\t\t\t\t\t<span class=\"elementor-icon-list-icon\">\n\t\t\t\t\t\t\t<i aria-hidden=\"true\" class=\"fas fa-caret-right\"><\/i>\t\t\t\t\t\t<\/span>\n\t\t\t\t\t\t\t\t\t\t<span class=\"elementor-icon-list-text\">Productos impresos<\/span>\n\t\t\t\t\t\t\t\t\t\t\t<\/a>\n\t\t\t\t\t\t\t\t\t<\/li>\n\t\t\t\t\t\t\t\t<li class=\"elementor-icon-list-item elementor-inline-item\">\n\t\t\t\t\t\t\t\t\t\t\t<a href=\"https:\/\/nuevolegarchivo.lupagencia.net\/index.php\/almanaques\/\">\n\n\t\t\t\t\t\t\t\t\t\t\t\t<span class=\"elementor-icon-list-icon\">\n\t\t\t\t\t\t\t<i aria-hidden=\"true\" class=\"fas fa-caret-right\"><\/i>\t\t\t\t\t\t<\/span>\n\t\t\t\t\t\t\t\t\t\t<span class=\"elementor-icon-list-text\">Almanaques<\/span>\n\t\t\t\t\t\t\t\t\t\t\t<\/a>\n\t\t\t\t\t\t\t\t\t<\/li>\n\t\t\t\t\t\t<\/ul>\n\t\t\t\t<\/div>\n\t\t\t\t<\/div>\n\t\t\t\t<div class=\"elementor-element elementor-element-63ae6a3 elementor-headline--style-highlight elementor-widget elementor-widget-animated-headline\" data-id=\"63ae6a3\" data-element_type=\"widget\" data-settings=\"{&quot;headline_style&quot;:&quot;highlight&quot;,&quot;marker&quot;:&quot;circle&quot;,&quot;loop&quot;:&quot;yes&quot;,&quot;highlight_animation_duration&quot;:1200,&quot;highlight_iteration_delay&quot;:8000}\" data-widget_type=\"animated-headline.default\">\n\t\t\t\t<div class=\"elementor-widget-container\">\n\t\t\t<link rel=\"stylesheet\" href=\"https:\/\/nuevolegarchivo.lupagencia.net\/wp-content\/plugins\/elementor-pro\/assets\/css\/widget-animated-headline.min.css\">\t\t<h1 class=\"elementor-headline\">\n\t\t\t\t\t<span class=\"elementor-headline-plain-text elementor-headline-text-wrapper\">Almanaques<\/span>\n\t\t\t\t<span class=\"elementor-headline-dynamic-wrapper elementor-headline-text-wrapper\">\n\t\t\t\t<\/span>\n\t\t\t\t<\/h1>\n\t\t\t\t<\/div>\n\t\t\t\t<\/div>\n\t\t\t\t\t<\/div>\n\t\t<\/div>\n\t\t\t\t<div class=\"elementor-column elementor-col-50 elementor-top-column elementor-element elementor-element-ccde226 elementor-hidden-tablet elementor-hidden-mobile\" data-id=\"ccde226\" data-element_type=\"column\">\n\t\t\t<div class=\"elementor-widget-wrap\">\n\t\t\t\t\t\t\t\t\t<\/div>\n\t\t<\/div>\n\t\t\t\t\t\t\t<\/div>\n\t\t<\/section>\n\t\t\t\t<section class=\"elementor-section elementor-top-section elementor-element elementor-element-92f0052 elementor-section-boxed elementor-section-height-default elementor-section-height-default wpr-particle-no wpr-jarallax-no wpr-parallax-no wpr-sticky-section-no\" data-id=\"92f0052\" data-element_type=\"section\">\n\t\t\t\t\t\t<div class=\"elementor-container elementor-column-gap-default\">\n\t\t\t\t\t<div class=\"elementor-column elementor-col-50 elementor-top-column elementor-element elementor-element-bd35bca\" data-id=\"bd35bca\" data-element_type=\"column\">\n\t\t\t<div class=\"elementor-widget-wrap elementor-element-populated\">\n\t\t\t\t\t\t\t\t<div class=\"elementor-element elementor-element-8183895 elementor-widget elementor-widget-image\" data-id=\"8183895\" data-element_type=\"widget\" data-widget_type=\"image.default\">\n\t\t\t\t<div class=\"elementor-widget-container\">\n\t\t\t<style>\/*! elementor - v3.16.0 - 14-09-2023 *\/\n.elementor-widget-image{text-align:center}.elementor-widget-image a{display:inline-block}.elementor-widget-image a img[src$=\".svg\"]{width:48px}.elementor-widget-image img{vertical-align:middle;display:inline-block}<\/style>\t\t\t\t\t\t\t\t\t\t\t\t<img decoding=\"async\" src=\"https:\/\/nuevolegarchivo.lupagencia.net\/wp-content\/uploads\/elementor\/thumbs\/AGENDAS-1-qbdpyg4y9vp5cri54afg7izk6ouezwp043thfnea4k.png\" title=\"AGENDAS (1)\" alt=\"AGENDAS (1)\" loading=\"lazy\" \/>\t\t\t\t\t\t\t\t\t\t\t\t\t\t\t<\/div>\n\t\t\t\t<\/div>\n\t\t\t\t\t<\/div>\n\t\t<\/div>\n\t\t\t\t<div class=\"elementor-column elementor-col-50 elementor-top-column elementor-element elementor-element-9c92e94\" data-id=\"9c92e94\" data-element_type=\"column\">\n\t\t\t<div class=\"elementor-widget-wrap elementor-element-populated\">\n\t\t\t\t\t\t\t\t<div class=\"elementor-element elementor-element-50c77a9 elementor-headline--style-highlight elementor-invisible elementor-widget elementor-widget-animated-headline\" data-id=\"50c77a9\" data-element_type=\"widget\" data-settings=\"{&quot;_animation&quot;:&quot;fadeInUp&quot;,&quot;_animation_delay&quot;:200,&quot;headline_style&quot;:&quot;highlight&quot;,&quot;marker&quot;:&quot;circle&quot;,&quot;loop&quot;:&quot;yes&quot;,&quot;highlight_animation_duration&quot;:1200,&quot;highlight_iteration_delay&quot;:8000}\" data-widget_type=\"animated-headline.default\">\n\t\t\t\t<div class=\"elementor-widget-container\">\n\t\t\t\t\t<h2 class=\"elementor-headline\">\n\t\t\t\t\t<span class=\"elementor-headline-plain-text elementor-headline-text-wrapper\">ALMANAQUE<\/span>\n\t\t\t\t<span class=\"elementor-headline-dynamic-wrapper elementor-headline-text-wrapper\">\n\t\t\t\t<\/span>\n\t\t\t\t<\/h2>\n\t\t\t\t<\/div>\n\t\t\t\t<\/div>\n\t\t\t\t<div class=\"elementor-element elementor-element-43d9351 elementor-widget elementor-widget-text-editor\" data-id=\"43d9351\" data-element_type=\"widget\" data-widget_type=\"text-editor.default\">\n\t\t\t\t<div class=\"elementor-widget-container\">\n\t\t\t<style>\/*! elementor - v3.16.0 - 14-09-2023 *\/\n.elementor-widget-text-editor.elementor-drop-cap-view-stacked .elementor-drop-cap{background-color:#69727d;color:#fff}.elementor-widget-text-editor.elementor-drop-cap-view-framed .elementor-drop-cap{color:#69727d;border:3px solid;background-color:transparent}.elementor-widget-text-editor:not(.elementor-drop-cap-view-default) .elementor-drop-cap{margin-top:8px}.elementor-widget-text-editor:not(.elementor-drop-cap-view-default) .elementor-drop-cap-letter{width:1em;height:1em}.elementor-widget-text-editor .elementor-drop-cap{float:left;text-align:center;line-height:1;font-size:50px}.elementor-widget-text-editor .elementor-drop-cap-letter{display:inline-block}<\/style>\t\t\t\t<p>Encuentra el almanaque que habla a tu estilo y comienza a plasmar tus momentos en cada p\u00e1gina.<\/p><h5>\u00a1Bienvenido a la inspiraci\u00f3n, la organizaci\u00f3n y la belleza en un solo lugar!<\/h5><p>Aqu\u00ed es donde la planificaci\u00f3n se encuentra con la creatividad y la belleza.<br \/>Nuestra selecci\u00f3n de almanaques est\u00e1 cuidadosamente creada para brindarte la herramienta perfecta para mantenerte organizado mientras te inspiras d\u00eda tras d\u00eda.<\/p>\t\t\t\t\t\t<\/div>\n\t\t\t\t<\/div>\n\t\t\t\t\t<\/div>\n\t\t<\/div>\n\t\t\t\t\t\t\t<\/div>\n\t\t<\/section>\n\t\t\t\t<section class=\"elementor-section elementor-top-section elementor-element elementor-element-aa8ff52 elementor-section-boxed elementor-section-height-default elementor-section-height-default wpr-particle-no wpr-jarallax-no wpr-parallax-no wpr-sticky-section-no\" data-id=\"aa8ff52\" data-element_type=\"section\" data-settings=\"{&quot;background_background&quot;:&quot;classic&quot;}\">\n\t\t\t\t\t\t<div class=\"elementor-container elementor-column-gap-custom\">\n\t\t\t\t\t<div class=\"elementor-column elementor-col-25 elementor-top-column elementor-element elementor-element-38c1965 elementor-invisible\" data-id=\"38c1965\" data-element_type=\"column\" data-settings=\"{&quot;animation&quot;:&quot;fadeInUp&quot;}\">\n\t\t\t<div class=\"elementor-widget-wrap elementor-element-populated\">\n\t\t\t\t\t\t\t\t<div class=\"elementor-element elementor-element-c949acb elementor-view-default elementor-position-top elementor-mobile-position-top elementor-widget elementor-widget-icon-box\" data-id=\"c949acb\" data-element_type=\"widget\" data-widget_type=\"icon-box.default\">\n\t\t\t\t<div class=\"elementor-widget-container\">\n\t\t\t<link rel=\"stylesheet\" href=\"https:\/\/nuevolegarchivo.lupagencia.net\/wp-content\/plugins\/elementor\/assets\/css\/widget-icon-box.min.css\">\t\t<div class=\"elementor-icon-box-wrapper\">\n\t\t\t\t\t\t<div class=\"elementor-icon-box-icon\">\n\t\t\t\t<span  class=\"elementor-icon elementor-animation-\">\n\t\t\t\t<i aria-hidden=\"true\" class=\"far fa-copy\"><\/i>\t\t\t\t<\/span>\n\t\t\t<\/div>\n\t\t\t\t\t\t<div class=\"elementor-icon-box-content\">\n\t\t\t\t<h4 class=\"elementor-icon-box-title\">\n\t\t\t\t\t<span  >\n\t\t\t\t\t\t\t\t\t\t\t<\/span>\n\t\t\t\t<\/h4>\n\t\t\t\t\t\t\t\t\t<p class=\"elementor-icon-box-description\">\n\t\t\t\t\t\tEncontrar\u00e1s una amplia variedad de almanaques dise\u00f1ados para satisfacer todos tus gustos y necesidades. Desde almanaques en cuadernillo  hasta almanaques de escritorio que mantienen tus d\u00edas en orden, nuestra selecci\u00f3n es una celebraci\u00f3n de la funcionalidad y la est\u00e9tica.<br><br><br>\t\t\t\t\t<\/p>\n\t\t\t\t\t\t\t<\/div>\n\t\t<\/div>\n\t\t\t\t<\/div>\n\t\t\t\t<\/div>\n\t\t\t\t\t<\/div>\n\t\t<\/div>\n\t\t\t\t<div class=\"elementor-column elementor-col-25 elementor-top-column elementor-element elementor-element-48f7c84 elementor-invisible\" data-id=\"48f7c84\" data-element_type=\"column\" data-settings=\"{&quot;animation&quot;:&quot;fadeInUp&quot;}\">\n\t\t\t<div class=\"elementor-widget-wrap elementor-element-populated\">\n\t\t\t\t\t\t\t\t<div class=\"elementor-element elementor-element-3ff229a elementor-view-default elementor-position-top elementor-mobile-position-top elementor-widget elementor-widget-icon-box\" data-id=\"3ff229a\" data-element_type=\"widget\" data-widget_type=\"icon-box.default\">\n\t\t\t\t<div class=\"elementor-widget-container\">\n\t\t\t\t\t<div class=\"elementor-icon-box-wrapper\">\n\t\t\t\t\t\t<div class=\"elementor-icon-box-icon\">\n\t\t\t\t<span  class=\"elementor-icon elementor-animation-\">\n\t\t\t\t<i aria-hidden=\"true\" class=\"fas fa-pen-nib\"><\/i>\t\t\t\t<\/span>\n\t\t\t<\/div>\n\t\t\t\t\t\t<div class=\"elementor-icon-box-content\">\n\t\t\t\t<h4 class=\"elementor-icon-box-title\">\n\t\t\t\t\t<span  >\n\t\t\t\t\t\t\t\t\t\t\t<\/span>\n\t\t\t\t<\/h4>\n\t\t\t\t\t\t\t\t\t<p class=\"elementor-icon-box-description\">\n\t\t\t\t\t\tDise\u00f1o y Estilo en Cada P\u00e1gina. Nuestros almanaques no son solo herramientas de planificaci\u00f3n; son obras de arte en s\u00ed mismos. Cada p\u00e1gina est\u00e1 cuidadosamente dise\u00f1ada con ilustraciones hermosas y fotograf\u00edas cautivadoras personalizada que te transportar\u00e1n a diferentes mundos y te inspirar\u00e1n en cada nuevo mes.\n\t\t\t\t\t<\/p>\n\t\t\t\t\t\t\t<\/div>\n\t\t<\/div>\n\t\t\t\t<\/div>\n\t\t\t\t<\/div>\n\t\t\t\t\t<\/div>\n\t\t<\/div>\n\t\t\t\t<div class=\"elementor-column elementor-col-25 elementor-top-column elementor-element elementor-element-a2bb616 elementor-invisible\" data-id=\"a2bb616\" data-element_type=\"column\" data-settings=\"{&quot;animation&quot;:&quot;fadeInUp&quot;}\">\n\t\t\t<div class=\"elementor-widget-wrap elementor-element-populated\">\n\t\t\t\t\t\t\t\t<div class=\"elementor-element elementor-element-1f4bd12 elementor-view-default elementor-position-top elementor-mobile-position-top elementor-widget elementor-widget-icon-box\" data-id=\"1f4bd12\" data-element_type=\"widget\" data-widget_type=\"icon-box.default\">\n\t\t\t\t<div class=\"elementor-widget-container\">\n\t\t\t\t\t<div class=\"elementor-icon-box-wrapper\">\n\t\t\t\t\t\t<div class=\"elementor-icon-box-icon\">\n\t\t\t\t<span  class=\"elementor-icon elementor-animation-\">\n\t\t\t\t<i aria-hidden=\"true\" class=\"fas fa-pencil-ruler\"><\/i>\t\t\t\t<\/span>\n\t\t\t<\/div>\n\t\t\t\t\t\t<div class=\"elementor-icon-box-content\">\n\t\t\t\t<h4 class=\"elementor-icon-box-title\">\n\t\t\t\t\t<span  >\n\t\t\t\t\t\t\t\t\t\t\t<\/span>\n\t\t\t\t<\/h4>\n\t\t\t\t\t\t\t\t\t<p class=\"elementor-icon-box-description\">\n\t\t\t\t\t\tPersonalizaci\u00f3n para un Toque \u00danico \u00bfBuscas un toque personal? Ofrecemos opciones de personalizaci\u00f3n que te permiten agregar nombres, fechas especiales o mensajes significativos a tus almanaques. Esto los convierte en regalos especiales y \u00fanicos que ser\u00e1n apreciados durante todo el a\u00f1o.<br><br>\t\t\t\t\t<\/p>\n\t\t\t\t\t\t\t<\/div>\n\t\t<\/div>\n\t\t\t\t<\/div>\n\t\t\t\t<\/div>\n\t\t\t\t\t<\/div>\n\t\t<\/div>\n\t\t\t\t<div class=\"elementor-column elementor-col-25 elementor-top-column elementor-element elementor-element-5fa98bd elementor-invisible\" data-id=\"5fa98bd\" data-element_type=\"column\" data-settings=\"{&quot;animation&quot;:&quot;fadeInUp&quot;}\">\n\t\t\t<div class=\"elementor-widget-wrap elementor-element-populated\">\n\t\t\t\t\t\t\t\t<div class=\"elementor-element elementor-element-55ec155 elementor-view-default elementor-position-top elementor-mobile-position-top elementor-widget elementor-widget-icon-box\" data-id=\"55ec155\" data-element_type=\"widget\" data-widget_type=\"icon-box.default\">\n\t\t\t\t<div class=\"elementor-widget-container\">\n\t\t\t\t\t<div class=\"elementor-icon-box-wrapper\">\n\t\t\t\t\t\t<div class=\"elementor-icon-box-icon\">\n\t\t\t\t<span  class=\"elementor-icon elementor-animation-\">\n\t\t\t\t<i aria-hidden=\"true\" class=\"far fa-file-image\"><\/i>\t\t\t\t<\/span>\n\t\t\t<\/div>\n\t\t\t\t\t\t<div class=\"elementor-icon-box-content\">\n\t\t\t\t<h4 class=\"elementor-icon-box-title\">\n\t\t\t\t\t<span  >\n\t\t\t\t\t\t\t\t\t\t\t<\/span>\n\t\t\t\t<\/h4>\n\t\t\t\t\t\t\t\t\t<p class=\"elementor-icon-box-description\">\n\t\t\t\t\t\tDescubre la Comodidad de la Organizaci\u00f3n. Desde recordatorios diarios hasta metas a largo plazo, nuestros almanaques te ayudan a mantenerte al tanto de tus objetivos mientras te deleitas con la elegancia de su dise\u00f1o.<br><br><br><br>\t\t\t\t\t<\/p>\n\t\t\t\t\t\t\t<\/div>\n\t\t<\/div>\n\t\t\t\t<\/div>\n\t\t\t\t<\/div>\n\t\t\t\t\t<\/div>\n\t\t<\/div>\n\t\t\t\t\t\t\t<\/div>\n\t\t<\/section>\n\t\t\t\t\t\t\t<\/div>\n\t\t","protected":false},"excerpt":{"rendered":"<p>Home Productos impresos Almanaques Almanaques ALMANAQUE Encuentra el almanaque que habla a tu estilo y comienza a plasmar tus momentos en cada p\u00e1gina. \u00a1Bienvenido a la inspiraci\u00f3n, la organizaci\u00f3n y la belleza en un solo lugar! Aqu\u00ed es donde la planificaci\u00f3n se encuentra con la creatividad y la belleza.Nuestra selecci\u00f3n de almanaques est\u00e1 cuidadosamente creada [&hellip;]<\/p>\n","protected":false},"author":1,"featured_media":0,"parent":0,"menu_order":0,"comment_status":"closed","ping_status":"closed","template":"","meta":{"footnotes":""},"yoast_head":"<!-- This site is optimized with the Yoast SEO plugin v21.1 - https:\/\/yoast.com\/wordpress\/plugins\/seo\/ -->\n<title>Almanaques - Legarchivo<\/title>\n<meta name=\"robots\" content=\"index, follow, max-snippet:-1, max-image-preview:large, max-video-preview:-1\" \/>\n<link rel=\"canonical\" href=\"https:\/\/nuevolegarchivo.lupagencia.net\/index.php\/almanaques\/\" \/>\n<meta property=\"og:locale\" content=\"es_ES\" \/>\n<meta property=\"og:type\" content=\"article\" \/>\n<meta property=\"og:title\" content=\"Almanaques - Legarchivo\" \/>\n<meta property=\"og:description\" content=\"Home Productos impresos Almanaques Almanaques ALMANAQUE Encuentra el almanaque que habla a tu estilo y comienza a plasmar tus momentos en cada p\u00e1gina. \u00a1Bienvenido a la inspiraci\u00f3n, la organizaci\u00f3n y la belleza en un solo lugar! Aqu\u00ed es donde la planificaci\u00f3n se encuentra con la creatividad y la belleza.Nuestra selecci\u00f3n de almanaques est\u00e1 cuidadosamente creada [&hellip;]\" \/>\n<meta property=\"og:url\" content=\"https:\/\/nuevolegarchivo.lupagencia.net\/index.php\/almanaques\/\" \/>\n<meta property=\"og:site_name\" content=\"Legarchivo\" \/>\n<meta property=\"article:publisher\" content=\"https:\/\/www.facebook.com\/atencion.legarchivo.1\/\" \/>\n<meta property=\"article:modified_time\" content=\"2023-09-17T22:32:39+00:00\" \/>\n<meta property=\"og:image\" content=\"http:\/\/nuevolegarchivo.lupagencia.net\/wp-content\/uploads\/elementor\/thumbs\/AGENDAS-1-qbdpyg4y9vp5cri54afg7izk6ouezwp043thfnea4k.png\" \/>\n<meta name=\"twitter:card\" content=\"summary_large_image\" \/>\n<meta name=\"twitter:label1\" content=\"Tiempo estimado de lectura\" \/>\n\t<meta name=\"twitter:data1\" content=\"1 minuto\" \/>\n<script type=\"application\/ld+json\" class=\"yoast-schema-graph\">{\"@context\":\"https:\/\/schema.org\",\"@graph\":[{\"@type\":\"WebPage\",\"@id\":\"https:\/\/nuevolegarchivo.lupagencia.net\/index.php\/almanaques\/\",\"url\":\"https:\/\/nuevolegarchivo.lupagencia.net\/index.php\/almanaques\/\",\"name\":\"Almanaques - Legarchivo\",\"isPartOf\":{\"@id\":\"https:\/\/nuevolegarchivo.lupagencia.net\/#website\"},\"datePublished\":\"2023-08-08T22:28:57+00:00\",\"dateModified\":\"2023-09-17T22:32:39+00:00\",\"breadcrumb\":{\"@id\":\"https:\/\/nuevolegarchivo.lupagencia.net\/index.php\/almanaques\/#breadcrumb\"},\"inLanguage\":\"es-CO\",\"potentialAction\":[{\"@type\":\"ReadAction\",\"target\":[\"https:\/\/nuevolegarchivo.lupagencia.net\/index.php\/almanaques\/\"]}]},{\"@type\":\"BreadcrumbList\",\"@id\":\"https:\/\/nuevolegarchivo.lupagencia.net\/index.php\/almanaques\/#breadcrumb\",\"itemListElement\":[{\"@type\":\"ListItem\",\"position\":1,\"name\":\"Inicio\",\"item\":\"https:\/\/nuevolegarchivo.lupagencia.net\/\"},{\"@type\":\"ListItem\",\"position\":2,\"name\":\"Almanaques\"}]},{\"@type\":\"WebSite\",\"@id\":\"https:\/\/nuevolegarchivo.lupagencia.net\/#website\",\"url\":\"https:\/\/nuevolegarchivo.lupagencia.net\/\",\"name\":\"Legarchivo\",\"description\":\"\",\"publisher\":{\"@id\":\"https:\/\/nuevolegarchivo.lupagencia.net\/#organization\"},\"potentialAction\":[{\"@type\":\"SearchAction\",\"target\":{\"@type\":\"EntryPoint\",\"urlTemplate\":\"https:\/\/nuevolegarchivo.lupagencia.net\/?s={search_term_string}\"},\"query-input\":\"required name=search_term_string\"}],\"inLanguage\":\"es-CO\"},{\"@type\":\"Organization\",\"@id\":\"https:\/\/nuevolegarchivo.lupagencia.net\/#organization\",\"name\":\"Legarchivo\",\"url\":\"https:\/\/nuevolegarchivo.lupagencia.net\/\",\"logo\":{\"@type\":\"ImageObject\",\"inLanguage\":\"es-CO\",\"@id\":\"https:\/\/nuevolegarchivo.lupagencia.net\/#\/schema\/logo\/image\/\",\"url\":\"http:\/\/nuevolegarchivo.lupagencia.net\/wp-content\/uploads\/2023\/08\/LOGO-LEGARCHIVO-06.png\",\"contentUrl\":\"http:\/\/nuevolegarchivo.lupagencia.net\/wp-content\/uploads\/2023\/08\/LOGO-LEGARCHIVO-06.png\",\"width\":1043,\"height\":1043,\"caption\":\"Legarchivo\"},\"image\":{\"@id\":\"https:\/\/nuevolegarchivo.lupagencia.net\/#\/schema\/logo\/image\/\"},\"sameAs\":[\"https:\/\/www.facebook.com\/atencion.legarchivo.1\/\",\"https:\/\/www.linkedin.com\/company\/legarchivo\/\"]}]}<\/script>\n<!-- \/ Yoast SEO plugin. -->","yoast_head_json":{"title":"Almanaques - Legarchivo","robots":{"index":"index","follow":"follow","max-snippet":"max-snippet:-1","max-image-preview":"max-image-preview:large","max-video-preview":"max-video-preview:-1"},"canonical":"https:\/\/nuevolegarchivo.lupagencia.net\/index.php\/almanaques\/","og_locale":"es_ES","og_type":"article","og_title":"Almanaques - Legarchivo","og_description":"Home Productos impresos Almanaques Almanaques ALMANAQUE Encuentra el almanaque que habla a tu estilo y comienza a plasmar tus momentos en cada p\u00e1gina. \u00a1Bienvenido a la inspiraci\u00f3n, la organizaci\u00f3n y la belleza en un solo lugar! Aqu\u00ed es donde la planificaci\u00f3n se encuentra con la creatividad y la belleza.Nuestra selecci\u00f3n de almanaques est\u00e1 cuidadosamente creada [&hellip;]","og_url":"https:\/\/nuevolegarchivo.lupagencia.net\/index.php\/almanaques\/","og_site_name":"Legarchivo","article_publisher":"https:\/\/www.facebook.com\/atencion.legarchivo.1\/","article_modified_time":"2023-09-17T22:32:39+00:00","og_image":[{"url":"http:\/\/nuevolegarchivo.lupagencia.net\/wp-content\/uploads\/elementor\/thumbs\/AGENDAS-1-qbdpyg4y9vp5cri54afg7izk6ouezwp043thfnea4k.png"}],"twitter_card":"summary_large_image","twitter_misc":{"Tiempo estimado de lectura":"1 minuto"},"schema":{"@context":"https:\/\/schema.org","@graph":[{"@type":"WebPage","@id":"https:\/\/nuevolegarchivo.lupagencia.net\/index.php\/almanaques\/","url":"https:\/\/nuevolegarchivo.lupagencia.net\/index.php\/almanaques\/","name":"Almanaques - Legarchivo","isPartOf":{"@id":"https:\/\/nuevolegarchivo.lupagencia.net\/#website"},"datePublished":"2023-08-08T22:28:57+00:00","dateModified":"2023-09-17T22:32:39+00:00","breadcrumb":{"@id":"https:\/\/nuevolegarchivo.lupagencia.net\/index.php\/almanaques\/#breadcrumb"},"inLanguage":"es-CO","potentialAction":[{"@type":"ReadAction","target":["https:\/\/nuevolegarchivo.lupagencia.net\/index.php\/almanaques\/"]}]},{"@type":"BreadcrumbList","@id":"https:\/\/nuevolegarchivo.lupagencia.net\/index.php\/almanaques\/#breadcrumb","itemListElement":[{"@type":"ListItem","position":1,"name":"Inicio","item":"https:\/\/nuevolegarchivo.lupagencia.net\/"},{"@type":"ListItem","position":2,"name":"Almanaques"}]},{"@type":"WebSite","@id":"https:\/\/nuevolegarchivo.lupagencia.net\/#website","url":"https:\/\/nuevolegarchivo.lupagencia.net\/","name":"Legarchivo","description":"","publisher":{"@id":"https:\/\/nuevolegarchivo.lupagencia.net\/#organization"},"potentialAction":[{"@type":"SearchAction","target":{"@type":"EntryPoint","urlTemplate":"https:\/\/nuevolegarchivo.lupagencia.net\/?s={search_term_string}"},"query-input":"required name=search_term_string"}],"inLanguage":"es-CO"},{"@type":"Organization","@id":"https:\/\/nuevolegarchivo.lupagencia.net\/#organization","name":"Legarchivo","url":"https:\/\/nuevolegarchivo.lupagencia.net\/","logo":{"@type":"ImageObject","inLanguage":"es-CO","@id":"https:\/\/nuevolegarchivo.lupagencia.net\/#\/schema\/logo\/image\/","url":"http:\/\/nuevolegarchivo.lupagencia.net\/wp-content\/uploads\/2023\/08\/LOGO-LEGARCHIVO-06.png","contentUrl":"http:\/\/nuevolegarchivo.lupagencia.net\/wp-content\/uploads\/2023\/08\/LOGO-LEGARCHIVO-06.png","width":1043,"height":1043,"caption":"Legarchivo"},"image":{"@id":"https:\/\/nuevolegarchivo.lupagencia.net\/#\/schema\/logo\/image\/"},"sameAs":["https:\/\/www.facebook.com\/atencion.legarchivo.1\/","https:\/\/www.linkedin.com\/company\/legarchivo\/"]}]}},"_links":{"self":[{"href":"https:\/\/nuevolegarchivo.lupagencia.net\/index.php\/wp-json\/wp\/v2\/pages\/111"}],"collection":[{"href":"https:\/\/nuevolegarchivo.lupagencia.net\/index.php\/wp-json\/wp\/v2\/pages"}],"about":[{"href":"https:\/\/nuevolegarchivo.lupagencia.net\/index.php\/wp-json\/wp\/v2\/types\/page"}],"author":[{"embeddable":true,"href":"https:\/\/nuevolegarchivo.lupagencia.net\/index.php\/wp-json\/wp\/v2\/users\/1"}],"replies":[{"embeddable":true,"href":"https:\/\/nuevolegarchivo.lupagencia.net\/index.php\/wp-json\/wp\/v2\/comments?post=111"}],"version-history":[{"count":22,"href":"https:\/\/nuevolegarchivo.lupagencia.net\/index.php\/wp-json\/wp\/v2\/pages\/111\/revisions"}],"predecessor-version":[{"id":1090,"href":"https:\/\/nuevolegarchivo.lupagencia.net\/index.php\/wp-json\/wp\/v2\/pages\/111\/revisions\/1090"}],"wp:attachment":[{"href":"https:\/\/nuevolegarchivo.lupagencia.net\/index.php\/wp-json\/wp\/v2\/media?parent=111"}],"curies":[{"name":"wp","href":"https:\/\/api.w.org\/{rel}","templated":true}]}}