{"id":90,"date":"2023-08-08T22:18:54","date_gmt":"2023-08-08T22:18:54","guid":{"rendered":"https:\/\/nuevolegarchivo.lupagencia.net\/?page_id=90"},"modified":"2023-09-18T20:19:58","modified_gmt":"2023-09-18T20:19:58","slug":"gestion-documental","status":"publish","type":"page","link":"https:\/\/nuevolegarchivo.lupagencia.net\/index.php\/gestion-documental\/","title":{"rendered":"Gesti\u00f3n documental"},"content":{"rendered":"\t\t<div data-elementor-type=\"wp-page\" data-elementor-id=\"90\" class=\"elementor elementor-90\" data-elementor-post-type=\"page\">\n\t\t\t\t\t\t\t\t\t<section class=\"elementor-section elementor-top-section elementor-element elementor-element-6820037 elementor-section-boxed elementor-section-height-default elementor-section-height-default wpr-particle-no wpr-jarallax-no wpr-parallax-no wpr-sticky-section-no\" data-id=\"6820037\" data-element_type=\"section\" data-settings=\"{&quot;background_background&quot;:&quot;classic&quot;,&quot;background_motion_fx_motion_fx_scrolling&quot;:&quot;yes&quot;,&quot;background_motion_fx_translateY_effect&quot;:&quot;yes&quot;,&quot;background_motion_fx_translateY_speed&quot;:{&quot;unit&quot;:&quot;px&quot;,&quot;size&quot;:4,&quot;sizes&quot;:[]},&quot;background_motion_fx_translateY_affectedRange&quot;:{&quot;unit&quot;:&quot;%&quot;,&quot;size&quot;:&quot;&quot;,&quot;sizes&quot;:{&quot;start&quot;:0,&quot;end&quot;:100}},&quot;background_motion_fx_devices&quot;:[&quot;desktop&quot;,&quot;tablet&quot;,&quot;mobile&quot;]}\">\n\t\t\t\t\t\t\t<div class=\"elementor-background-overlay\"><\/div>\n\t\t\t\t\t\t\t<div class=\"elementor-container elementor-column-gap-default\">\n\t\t\t\t\t<div class=\"elementor-column elementor-col-50 elementor-top-column elementor-element elementor-element-390236c\" data-id=\"390236c\" data-element_type=\"column\">\n\t\t\t<div class=\"elementor-widget-wrap elementor-element-populated\">\n\t\t\t\t\t\t\t\t<div class=\"elementor-element elementor-element-9602618 elementor-icon-list--layout-inline elementor-list-item-link-full_width elementor-widget elementor-widget-icon-list\" data-id=\"9602618\" data-element_type=\"widget\" data-widget_type=\"icon-list.default\">\n\t\t\t\t<div class=\"elementor-widget-container\">\n\t\t\t<link rel=\"stylesheet\" href=\"https:\/\/nuevolegarchivo.lupagencia.net\/wp-content\/plugins\/elementor\/assets\/css\/widget-icon-list.min.css\">\t\t<ul class=\"elementor-icon-list-items elementor-inline-items\">\n\t\t\t\t\t\t\t<li class=\"elementor-icon-list-item elementor-inline-item\">\n\t\t\t\t\t\t\t\t\t\t\t<a href=\"https:\/\/nuevolegarchivo.lupagencia.net\">\n\n\t\t\t\t\t\t\t\t\t\t\t<span class=\"elementor-icon-list-text\">Inicio<\/span>\n\t\t\t\t\t\t\t\t\t\t\t<\/a>\n\t\t\t\t\t\t\t\t\t<\/li>\n\t\t\t\t\t\t\t\t<li class=\"elementor-icon-list-item elementor-inline-item\">\n\t\t\t\t\t\t\t\t\t\t\t<a href=\"https:\/\/nuevolegarchivo.lupagencia.net\/index.php\/productos-para-archivo\/\">\n\n\t\t\t\t\t\t\t\t\t\t\t\t<span class=\"elementor-icon-list-icon\">\n\t\t\t\t\t\t\t<i aria-hidden=\"true\" class=\"fas fa-caret-right\"><\/i>\t\t\t\t\t\t<\/span>\n\t\t\t\t\t\t\t\t\t\t<span class=\"elementor-icon-list-text\"><\/span>\n\t\t\t\t\t\t\t\t\t\t\t<\/a>\n\t\t\t\t\t\t\t\t\t<\/li>\n\t\t\t\t\t\t<\/ul>\n\t\t\t\t<\/div>\n\t\t\t\t<\/div>\n\t\t\t\t<div class=\"elementor-element elementor-element-2ac17d0 elementor-headline--style-highlight elementor-widget elementor-widget-animated-headline\" data-id=\"2ac17d0\" data-element_type=\"widget\" data-settings=\"{&quot;highlighted_text&quot;:&quot;Documental&quot;,&quot;headline_style&quot;:&quot;highlight&quot;,&quot;marker&quot;:&quot;circle&quot;,&quot;loop&quot;:&quot;yes&quot;,&quot;highlight_animation_duration&quot;:1200,&quot;highlight_iteration_delay&quot;:8000}\" data-widget_type=\"animated-headline.default\">\n\t\t\t\t<div class=\"elementor-widget-container\">\n\t\t\t<link rel=\"stylesheet\" href=\"https:\/\/nuevolegarchivo.lupagencia.net\/wp-content\/plugins\/elementor-pro\/assets\/css\/widget-animated-headline.min.css\">\t\t<h1 class=\"elementor-headline\">\n\t\t\t\t\t<span class=\"elementor-headline-plain-text elementor-headline-text-wrapper\">Gesti\u00f3n<\/span>\n\t\t\t\t<span class=\"elementor-headline-dynamic-wrapper elementor-headline-text-wrapper\">\n\t\t\t\t\t<span class=\"elementor-headline-dynamic-text elementor-headline-text-active\">Documental<\/span>\n\t\t\t\t<\/span>\n\t\t\t\t<\/h1>\n\t\t\t\t<\/div>\n\t\t\t\t<\/div>\n\t\t\t\t\t<\/div>\n\t\t<\/div>\n\t\t\t\t<div class=\"elementor-column elementor-col-50 elementor-top-column elementor-element elementor-element-67cad7b elementor-hidden-tablet elementor-hidden-mobile\" data-id=\"67cad7b\" data-element_type=\"column\">\n\t\t\t<div class=\"elementor-widget-wrap\">\n\t\t\t\t\t\t\t\t\t<\/div>\n\t\t<\/div>\n\t\t\t\t\t\t\t<\/div>\n\t\t<\/section>\n\t\t\t\t<section class=\"elementor-section elementor-top-section elementor-element elementor-element-2eefb44 elementor-section-boxed elementor-section-height-default elementor-section-height-default wpr-particle-no wpr-jarallax-no wpr-parallax-no wpr-sticky-section-no\" data-id=\"2eefb44\" data-element_type=\"section\">\n\t\t\t\t\t\t<div class=\"elementor-container elementor-column-gap-default\">\n\t\t\t\t\t<div class=\"elementor-column elementor-col-25 elementor-top-column elementor-element elementor-element-3a853bc elementor-invisible\" data-id=\"3a853bc\" data-element_type=\"column\" data-settings=\"{&quot;animation&quot;:&quot;fadeInUp&quot;,&quot;animation_delay&quot;:200}\">\n\t\t\t<div class=\"elementor-widget-wrap elementor-element-populated\">\n\t\t\t\t\t\t\t\t<section class=\"elementor-section elementor-inner-section elementor-element elementor-element-d70cf43 elementor-section-height-min-height elementor-section-boxed elementor-section-height-default wpr-particle-no wpr-jarallax-no wpr-parallax-no wpr-sticky-section-no\" data-id=\"d70cf43\" data-element_type=\"section\">\n\t\t\t\t\t\t<div class=\"elementor-container elementor-column-gap-default\">\n\t\t\t\t\t<div class=\"make-column-clickable-elementor elementor-column elementor-col-100 elementor-inner-column elementor-element elementor-element-4f230d4\" style=\"cursor: pointer;\" data-column-clickable=\"https:\/\/nuevolegarchivo.lupagencia.net\/index.php\/carpetas-de-archivo\/\" data-column-clickable-blank=\"_self\" data-id=\"4f230d4\" data-element_type=\"column\" data-settings=\"{&quot;background_background&quot;:&quot;classic&quot;}\">\n\t\t\t<div class=\"elementor-widget-wrap\">\n\t\t\t\t\t\t\t\t\t<\/div>\n\t\t<\/div>\n\t\t\t\t\t\t\t<\/div>\n\t\t<\/section>\n\t\t\t\t<section class=\"elementor-section elementor-inner-section elementor-element elementor-element-b66fcc5 elementor-section-boxed elementor-section-height-default elementor-section-height-default wpr-particle-no wpr-jarallax-no wpr-parallax-no wpr-sticky-section-no\" data-id=\"b66fcc5\" data-element_type=\"section\">\n\t\t\t\t\t\t<div class=\"elementor-container elementor-column-gap-default\">\n\t\t\t\t\t<div class=\"elementor-column elementor-col-100 elementor-inner-column elementor-element elementor-element-015e6df\" data-id=\"015e6df\" data-element_type=\"column\" data-settings=\"{&quot;background_background&quot;:&quot;classic&quot;}\">\n\t\t\t<div class=\"elementor-widget-wrap elementor-element-populated\">\n\t\t\t\t\t\t\t\t<div class=\"elementor-element elementor-element-6e33981 elementor-widget elementor-widget-heading\" data-id=\"6e33981\" data-element_type=\"widget\" data-widget_type=\"heading.default\">\n\t\t\t\t<div class=\"elementor-widget-container\">\n\t\t\t<style>\/*! elementor - v3.16.0 - 14-09-2023 *\/\n.elementor-heading-title{padding:0;margin:0;line-height:1}.elementor-widget-heading .elementor-heading-title[class*=elementor-size-]>a{color:inherit;font-size:inherit;line-height:inherit}.elementor-widget-heading .elementor-heading-title.elementor-size-small{font-size:15px}.elementor-widget-heading .elementor-heading-title.elementor-size-medium{font-size:19px}.elementor-widget-heading .elementor-heading-title.elementor-size-large{font-size:29px}.elementor-widget-heading .elementor-heading-title.elementor-size-xl{font-size:39px}.elementor-widget-heading .elementor-heading-title.elementor-size-xxl{font-size:59px}<\/style><span class=\"elementor-heading-title elementor-size-default\">Gesti\u00f3n documental<\/span>\t\t<\/div>\n\t\t\t\t<\/div>\n\t\t\t\t<div class=\"elementor-element elementor-element-52332fd elementor-widget elementor-widget-heading\" data-id=\"52332fd\" data-element_type=\"widget\" data-widget_type=\"heading.default\">\n\t\t\t\t<div class=\"elementor-widget-container\">\n\t\t\t<h4 class=\"elementor-heading-title elementor-size-default\"><a href=\"https:\/\/nuevolegarchivo.lupagencia.net\/index.php\/consultoria-en-gestion-documental\/\">Consultor\u00eda en gesti\u00f3n documental<\/a><\/h4>\t\t<\/div>\n\t\t\t\t<\/div>\n\t\t\t\t\t<\/div>\n\t\t<\/div>\n\t\t\t\t\t\t\t<\/div>\n\t\t<\/section>\n\t\t\t\t\t<\/div>\n\t\t<\/div>\n\t\t\t\t<div class=\"elementor-column elementor-col-25 elementor-top-column elementor-element elementor-element-34c074c elementor-invisible\" data-id=\"34c074c\" data-element_type=\"column\" data-settings=\"{&quot;animation&quot;:&quot;fadeInUp&quot;,&quot;animation_delay&quot;:200}\">\n\t\t\t<div class=\"elementor-widget-wrap elementor-element-populated\">\n\t\t\t\t\t\t\t\t<section class=\"elementor-section elementor-inner-section elementor-element elementor-element-1ede8e8 elementor-section-height-min-height elementor-section-boxed elementor-section-height-default wpr-particle-no wpr-jarallax-no wpr-parallax-no wpr-sticky-section-no\" data-id=\"1ede8e8\" data-element_type=\"section\">\n\t\t\t\t\t\t<div class=\"elementor-container elementor-column-gap-default\">\n\t\t\t\t\t<div class=\"make-column-clickable-elementor elementor-column elementor-col-100 elementor-inner-column elementor-element elementor-element-380cf22\" style=\"cursor: pointer;\" data-column-clickable=\"https:\/\/nuevolegarchivo.lupagencia.net\/index.php\/carpetas-de-archivo\/\" data-column-clickable-blank=\"_self\" data-id=\"380cf22\" data-element_type=\"column\" data-settings=\"{&quot;background_background&quot;:&quot;classic&quot;}\">\n\t\t\t<div class=\"elementor-widget-wrap\">\n\t\t\t\t\t\t\t\t\t<\/div>\n\t\t<\/div>\n\t\t\t\t\t\t\t<\/div>\n\t\t<\/section>\n\t\t\t\t<section class=\"elementor-section elementor-inner-section elementor-element elementor-element-62aec28 elementor-section-boxed elementor-section-height-default elementor-section-height-default wpr-particle-no wpr-jarallax-no wpr-parallax-no wpr-sticky-section-no\" data-id=\"62aec28\" data-element_type=\"section\">\n\t\t\t\t\t\t<div class=\"elementor-container elementor-column-gap-default\">\n\t\t\t\t\t<div class=\"elementor-column elementor-col-100 elementor-inner-column elementor-element elementor-element-3a93ccc\" data-id=\"3a93ccc\" data-element_type=\"column\" data-settings=\"{&quot;background_background&quot;:&quot;classic&quot;}\">\n\t\t\t<div class=\"elementor-widget-wrap elementor-element-populated\">\n\t\t\t\t\t\t\t\t<div class=\"elementor-element elementor-element-9f57b18 elementor-widget elementor-widget-heading\" data-id=\"9f57b18\" data-element_type=\"widget\" data-widget_type=\"heading.default\">\n\t\t\t\t<div class=\"elementor-widget-container\">\n\t\t\t<span class=\"elementor-heading-title elementor-size-default\">Gesti\u00f3n documental<\/span>\t\t<\/div>\n\t\t\t\t<\/div>\n\t\t\t\t<div class=\"elementor-element elementor-element-72b7c9b elementor-widget elementor-widget-heading\" data-id=\"72b7c9b\" data-element_type=\"widget\" data-widget_type=\"heading.default\">\n\t\t\t\t<div class=\"elementor-widget-container\">\n\t\t\t<h4 class=\"elementor-heading-title elementor-size-default\"><a href=\"https:\/\/nuevolegarchivo.lupagencia.net\/index.php\/organizacion-documental\/\">Organizaci\u00f3n documental\n<br><\/a><\/h4>\t\t<\/div>\n\t\t\t\t<\/div>\n\t\t\t\t\t<\/div>\n\t\t<\/div>\n\t\t\t\t\t\t\t<\/div>\n\t\t<\/section>\n\t\t\t\t\t<\/div>\n\t\t<\/div>\n\t\t\t\t<div class=\"elementor-column elementor-col-25 elementor-top-column elementor-element elementor-element-d0eda51 elementor-invisible\" data-id=\"d0eda51\" data-element_type=\"column\" data-settings=\"{&quot;animation&quot;:&quot;fadeInUp&quot;,&quot;animation_delay&quot;:200}\">\n\t\t\t<div class=\"elementor-widget-wrap elementor-element-populated\">\n\t\t\t\t\t\t\t\t<section class=\"elementor-section elementor-inner-section elementor-element elementor-element-02138d1 elementor-section-height-min-height elementor-section-boxed elementor-section-height-default wpr-particle-no wpr-jarallax-no wpr-parallax-no wpr-sticky-section-no\" data-id=\"02138d1\" data-element_type=\"section\">\n\t\t\t\t\t\t<div class=\"elementor-container elementor-column-gap-default\">\n\t\t\t\t\t<div class=\"make-column-clickable-elementor elementor-column elementor-col-100 elementor-inner-column elementor-element elementor-element-31e2a5c\" style=\"cursor: pointer;\" data-column-clickable=\"https:\/\/nuevolegarchivo.lupagencia.net\/index.php\/carpetas-de-archivo\/\" data-column-clickable-blank=\"_self\" data-id=\"31e2a5c\" data-element_type=\"column\" data-settings=\"{&quot;background_background&quot;:&quot;classic&quot;}\">\n\t\t\t<div class=\"elementor-widget-wrap\">\n\t\t\t\t\t\t\t\t\t<\/div>\n\t\t<\/div>\n\t\t\t\t\t\t\t<\/div>\n\t\t<\/section>\n\t\t\t\t<section class=\"elementor-section elementor-inner-section elementor-element elementor-element-124ce04 elementor-section-boxed elementor-section-height-default elementor-section-height-default wpr-particle-no wpr-jarallax-no wpr-parallax-no wpr-sticky-section-no\" data-id=\"124ce04\" data-element_type=\"section\">\n\t\t\t\t\t\t<div class=\"elementor-container elementor-column-gap-default\">\n\t\t\t\t\t<div class=\"elementor-column elementor-col-100 elementor-inner-column elementor-element elementor-element-3dfd683\" data-id=\"3dfd683\" data-element_type=\"column\" data-settings=\"{&quot;background_background&quot;:&quot;classic&quot;}\">\n\t\t\t<div class=\"elementor-widget-wrap elementor-element-populated\">\n\t\t\t\t\t\t\t\t<div class=\"elementor-element elementor-element-f41ff5b elementor-widget elementor-widget-heading\" data-id=\"f41ff5b\" data-element_type=\"widget\" data-widget_type=\"heading.default\">\n\t\t\t\t<div class=\"elementor-widget-container\">\n\t\t\t<span class=\"elementor-heading-title elementor-size-default\">Gesti\u00f3n documental<\/span>\t\t<\/div>\n\t\t\t\t<\/div>\n\t\t\t\t<div class=\"elementor-element elementor-element-e71b03e elementor-widget elementor-widget-heading\" data-id=\"e71b03e\" data-element_type=\"widget\" data-widget_type=\"heading.default\">\n\t\t\t\t<div class=\"elementor-widget-container\">\n\t\t\t<h4 class=\"elementor-heading-title elementor-size-default\"><a href=\"https:\/\/nuevolegarchivo.lupagencia.net\/index.php\/instrumentos-archivisticos\/\">Instrumentos archiv\u00edsticos<\/a><\/h4>\t\t<\/div>\n\t\t\t\t<\/div>\n\t\t\t\t\t<\/div>\n\t\t<\/div>\n\t\t\t\t\t\t\t<\/div>\n\t\t<\/section>\n\t\t\t\t\t<\/div>\n\t\t<\/div>\n\t\t\t\t<div class=\"elementor-column elementor-col-25 elementor-top-column elementor-element elementor-element-102cbb5 elementor-invisible\" data-id=\"102cbb5\" data-element_type=\"column\" data-settings=\"{&quot;animation&quot;:&quot;fadeInUp&quot;,&quot;animation_delay&quot;:200}\">\n\t\t\t<div class=\"elementor-widget-wrap elementor-element-populated\">\n\t\t\t\t\t\t\t\t<section class=\"elementor-section elementor-inner-section elementor-element elementor-element-716010c elementor-section-height-min-height elementor-section-boxed elementor-section-height-default wpr-particle-no wpr-jarallax-no wpr-parallax-no wpr-sticky-section-no\" data-id=\"716010c\" data-element_type=\"section\">\n\t\t\t\t\t\t<div class=\"elementor-container elementor-column-gap-default\">\n\t\t\t\t\t<div class=\"make-column-clickable-elementor elementor-column elementor-col-100 elementor-inner-column elementor-element elementor-element-e0d8170\" style=\"cursor: pointer;\" data-column-clickable=\"https:\/\/nuevolegarchivo.lupagencia.net\/index.php\/carpetas-de-archivo\/\" data-column-clickable-blank=\"_self\" data-id=\"e0d8170\" data-element_type=\"column\" data-settings=\"{&quot;background_background&quot;:&quot;classic&quot;}\">\n\t\t\t<div class=\"elementor-widget-wrap\">\n\t\t\t\t\t\t\t\t\t<\/div>\n\t\t<\/div>\n\t\t\t\t\t\t\t<\/div>\n\t\t<\/section>\n\t\t\t\t<section class=\"elementor-section elementor-inner-section elementor-element elementor-element-7729c9c elementor-section-boxed elementor-section-height-default elementor-section-height-default wpr-particle-no wpr-jarallax-no wpr-parallax-no wpr-sticky-section-no\" data-id=\"7729c9c\" data-element_type=\"section\">\n\t\t\t\t\t\t<div class=\"elementor-container elementor-column-gap-default\">\n\t\t\t\t\t<div class=\"elementor-column elementor-col-100 elementor-inner-column elementor-element elementor-element-9dd72c1\" data-id=\"9dd72c1\" data-element_type=\"column\" data-settings=\"{&quot;background_background&quot;:&quot;classic&quot;}\">\n\t\t\t<div class=\"elementor-widget-wrap elementor-element-populated\">\n\t\t\t\t\t\t\t\t<div class=\"elementor-element elementor-element-a90a2a8 elementor-widget elementor-widget-heading\" data-id=\"a90a2a8\" data-element_type=\"widget\" data-widget_type=\"heading.default\">\n\t\t\t\t<div class=\"elementor-widget-container\">\n\t\t\t<span class=\"elementor-heading-title elementor-size-default\">Gesti\u00f3n documental<\/span>\t\t<\/div>\n\t\t\t\t<\/div>\n\t\t\t\t<div class=\"elementor-element elementor-element-a74339c elementor-widget elementor-widget-heading\" data-id=\"a74339c\" data-element_type=\"widget\" data-widget_type=\"heading.default\">\n\t\t\t\t<div class=\"elementor-widget-container\">\n\t\t\t<h4 class=\"elementor-heading-title elementor-size-default\"><a href=\"https:\/\/nuevolegarchivo.lupagencia.net\/index.php\/digitalizacion-y-software\/\">Digitalizaci\u00f3n y software<\/a><\/h4>\t\t<\/div>\n\t\t\t\t<\/div>\n\t\t\t\t\t<\/div>\n\t\t<\/div>\n\t\t\t\t\t\t\t<\/div>\n\t\t<\/section>\n\t\t\t\t\t<\/div>\n\t\t<\/div>\n\t\t\t\t\t\t\t<\/div>\n\t\t<\/section>\n\t\t\t\t\t\t\t<\/div>\n\t\t","protected":false},"excerpt":{"rendered":"<p>Inicio Gesti\u00f3n Documental Gesti\u00f3n documental Consultor\u00eda en gesti\u00f3n documental Gesti\u00f3n documental Organizaci\u00f3n documental Gesti\u00f3n documental Instrumentos archiv\u00edsticos Gesti\u00f3n documental Digitalizaci\u00f3n y software<\/p>\n","protected":false},"author":1,"featured_media":0,"parent":0,"menu_order":0,"comment_status":"closed","ping_status":"closed","template":"","meta":{"footnotes":""},"yoast_head":"<!-- This site is optimized with the Yoast SEO plugin v21.1 - https:\/\/yoast.com\/wordpress\/plugins\/seo\/ -->\n<title>Gesti\u00f3n documental - Legarchivo<\/title>\n<meta name=\"robots\" content=\"index, follow, max-snippet:-1, max-image-preview:large, max-video-preview:-1\" \/>\n<link rel=\"canonical\" href=\"https:\/\/nuevolegarchivo.lupagencia.net\/index.php\/gestion-documental\/\" \/>\n<meta property=\"og:locale\" content=\"es_ES\" \/>\n<meta property=\"og:type\" content=\"article\" \/>\n<meta property=\"og:title\" content=\"Gesti\u00f3n documental - Legarchivo\" \/>\n<meta property=\"og:description\" content=\"Inicio Gesti\u00f3n Documental Gesti\u00f3n documental Consultor\u00eda en gesti\u00f3n documental Gesti\u00f3n documental Organizaci\u00f3n documental Gesti\u00f3n documental Instrumentos archiv\u00edsticos Gesti\u00f3n documental Digitalizaci\u00f3n y software\" \/>\n<meta property=\"og:url\" content=\"https:\/\/nuevolegarchivo.lupagencia.net\/index.php\/gestion-documental\/\" \/>\n<meta property=\"og:site_name\" content=\"Legarchivo\" \/>\n<meta property=\"article:publisher\" content=\"https:\/\/www.facebook.com\/atencion.legarchivo.1\/\" \/>\n<meta property=\"article:modified_time\" content=\"2023-09-18T20:19:58+00:00\" \/>\n<meta name=\"twitter:card\" content=\"summary_large_image\" \/>\n<script type=\"application\/ld+json\" class=\"yoast-schema-graph\">{\"@context\":\"https:\/\/schema.org\",\"@graph\":[{\"@type\":\"WebPage\",\"@id\":\"https:\/\/nuevolegarchivo.lupagencia.net\/index.php\/gestion-documental\/\",\"url\":\"https:\/\/nuevolegarchivo.lupagencia.net\/index.php\/gestion-documental\/\",\"name\":\"Gesti\u00f3n documental - Legarchivo\",\"isPartOf\":{\"@id\":\"https:\/\/nuevolegarchivo.lupagencia.net\/#website\"},\"datePublished\":\"2023-08-08T22:18:54+00:00\",\"dateModified\":\"2023-09-18T20:19:58+00:00\",\"breadcrumb\":{\"@id\":\"https:\/\/nuevolegarchivo.lupagencia.net\/index.php\/gestion-documental\/#breadcrumb\"},\"inLanguage\":\"es-CO\",\"potentialAction\":[{\"@type\":\"ReadAction\",\"target\":[\"https:\/\/nuevolegarchivo.lupagencia.net\/index.php\/gestion-documental\/\"]}]},{\"@type\":\"BreadcrumbList\",\"@id\":\"https:\/\/nuevolegarchivo.lupagencia.net\/index.php\/gestion-documental\/#breadcrumb\",\"itemListElement\":[{\"@type\":\"ListItem\",\"position\":1,\"name\":\"Inicio\",\"item\":\"https:\/\/nuevolegarchivo.lupagencia.net\/\"},{\"@type\":\"ListItem\",\"position\":2,\"name\":\"Gesti\u00f3n documental\"}]},{\"@type\":\"WebSite\",\"@id\":\"https:\/\/nuevolegarchivo.lupagencia.net\/#website\",\"url\":\"https:\/\/nuevolegarchivo.lupagencia.net\/\",\"name\":\"Legarchivo\",\"description\":\"\",\"publisher\":{\"@id\":\"https:\/\/nuevolegarchivo.lupagencia.net\/#organization\"},\"potentialAction\":[{\"@type\":\"SearchAction\",\"target\":{\"@type\":\"EntryPoint\",\"urlTemplate\":\"https:\/\/nuevolegarchivo.lupagencia.net\/?s={search_term_string}\"},\"query-input\":\"required name=search_term_string\"}],\"inLanguage\":\"es-CO\"},{\"@type\":\"Organization\",\"@id\":\"https:\/\/nuevolegarchivo.lupagencia.net\/#organization\",\"name\":\"Legarchivo\",\"url\":\"https:\/\/nuevolegarchivo.lupagencia.net\/\",\"logo\":{\"@type\":\"ImageObject\",\"inLanguage\":\"es-CO\",\"@id\":\"https:\/\/nuevolegarchivo.lupagencia.net\/#\/schema\/logo\/image\/\",\"url\":\"http:\/\/nuevolegarchivo.lupagencia.net\/wp-content\/uploads\/2023\/08\/LOGO-LEGARCHIVO-06.png\",\"contentUrl\":\"http:\/\/nuevolegarchivo.lupagencia.net\/wp-content\/uploads\/2023\/08\/LOGO-LEGARCHIVO-06.png\",\"width\":1043,\"height\":1043,\"caption\":\"Legarchivo\"},\"image\":{\"@id\":\"https:\/\/nuevolegarchivo.lupagencia.net\/#\/schema\/logo\/image\/\"},\"sameAs\":[\"https:\/\/www.facebook.com\/atencion.legarchivo.1\/\",\"https:\/\/www.linkedin.com\/company\/legarchivo\/\"]}]}<\/script>\n<!-- \/ Yoast SEO plugin. -->","yoast_head_json":{"title":"Gesti\u00f3n documental - Legarchivo","robots":{"index":"index","follow":"follow","max-snippet":"max-snippet:-1","max-image-preview":"max-image-preview:large","max-video-preview":"max-video-preview:-1"},"canonical":"https:\/\/nuevolegarchivo.lupagencia.net\/index.php\/gestion-documental\/","og_locale":"es_ES","og_type":"article","og_title":"Gesti\u00f3n documental - Legarchivo","og_description":"Inicio Gesti\u00f3n Documental Gesti\u00f3n documental Consultor\u00eda en gesti\u00f3n documental Gesti\u00f3n documental Organizaci\u00f3n documental Gesti\u00f3n documental Instrumentos archiv\u00edsticos Gesti\u00f3n documental Digitalizaci\u00f3n y software","og_url":"https:\/\/nuevolegarchivo.lupagencia.net\/index.php\/gestion-documental\/","og_site_name":"Legarchivo","article_publisher":"https:\/\/www.facebook.com\/atencion.legarchivo.1\/","article_modified_time":"2023-09-18T20:19:58+00:00","twitter_card":"summary_large_image","schema":{"@context":"https:\/\/schema.org","@graph":[{"@type":"WebPage","@id":"https:\/\/nuevolegarchivo.lupagencia.net\/index.php\/gestion-documental\/","url":"https:\/\/nuevolegarchivo.lupagencia.net\/index.php\/gestion-documental\/","name":"Gesti\u00f3n documental - Legarchivo","isPartOf":{"@id":"https:\/\/nuevolegarchivo.lupagencia.net\/#website"},"datePublished":"2023-08-08T22:18:54+00:00","dateModified":"2023-09-18T20:19:58+00:00","breadcrumb":{"@id":"https:\/\/nuevolegarchivo.lupagencia.net\/index.php\/gestion-documental\/#breadcrumb"},"inLanguage":"es-CO","potentialAction":[{"@type":"ReadAction","target":["https:\/\/nuevolegarchivo.lupagencia.net\/index.php\/gestion-documental\/"]}]},{"@type":"BreadcrumbList","@id":"https:\/\/nuevolegarchivo.lupagencia.net\/index.php\/gestion-documental\/#breadcrumb","itemListElement":[{"@type":"ListItem","position":1,"name":"Inicio","item":"https:\/\/nuevolegarchivo.lupagencia.net\/"},{"@type":"ListItem","position":2,"name":"Gesti\u00f3n documental"}]},{"@type":"WebSite","@id":"https:\/\/nuevolegarchivo.lupagencia.net\/#website","url":"https:\/\/nuevolegarchivo.lupagencia.net\/","name":"Legarchivo","description":"","publisher":{"@id":"https:\/\/nuevolegarchivo.lupagencia.net\/#organization"},"potentialAction":[{"@type":"SearchAction","target":{"@type":"EntryPoint","urlTemplate":"https:\/\/nuevolegarchivo.lupagencia.net\/?s={search_term_string}"},"query-input":"required name=search_term_string"}],"inLanguage":"es-CO"},{"@type":"Organization","@id":"https:\/\/nuevolegarchivo.lupagencia.net\/#organization","name":"Legarchivo","url":"https:\/\/nuevolegarchivo.lupagencia.net\/","logo":{"@type":"ImageObject","inLanguage":"es-CO","@id":"https:\/\/nuevolegarchivo.lupagencia.net\/#\/schema\/logo\/image\/","url":"http:\/\/nuevolegarchivo.lupagencia.net\/wp-content\/uploads\/2023\/08\/LOGO-LEGARCHIVO-06.png","contentUrl":"http:\/\/nuevolegarchivo.lupagencia.net\/wp-content\/uploads\/2023\/08\/LOGO-LEGARCHIVO-06.png","width":1043,"height":1043,"caption":"Legarchivo"},"image":{"@id":"https:\/\/nuevolegarchivo.lupagencia.net\/#\/schema\/logo\/image\/"},"sameAs":["https:\/\/www.facebook.com\/atencion.legarchivo.1\/","https:\/\/www.linkedin.com\/company\/legarchivo\/"]}]}},"_links":{"self":[{"href":"https:\/\/nuevolegarchivo.lupagencia.net\/index.php\/wp-json\/wp\/v2\/pages\/90"}],"collection":[{"href":"https:\/\/nuevolegarchivo.lupagencia.net\/index.php\/wp-json\/wp\/v2\/pages"}],"about":[{"href":"https:\/\/nuevolegarchivo.lupagencia.net\/index.php\/wp-json\/wp\/v2\/types\/page"}],"author":[{"embeddable":true,"href":"https:\/\/nuevolegarchivo.lupagencia.net\/index.php\/wp-json\/wp\/v2\/users\/1"}],"replies":[{"embeddable":true,"href":"https:\/\/nuevolegarchivo.lupagencia.net\/index.php\/wp-json\/wp\/v2\/comments?post=90"}],"version-history":[{"count":34,"href":"https:\/\/nuevolegarchivo.lupagencia.net\/index.php\/wp-json\/wp\/v2\/pages\/90\/revisions"}],"predecessor-version":[{"id":1143,"href":"https:\/\/nuevolegarchivo.lupagencia.net\/index.php\/wp-json\/wp\/v2\/pages\/90\/revisions\/1143"}],"wp:attachment":[{"href":"https:\/\/nuevolegarchivo.lupagencia.net\/index.php\/wp-json\/wp\/v2\/media?parent=90"}],"curies":[{"name":"wp","href":"https:\/\/api.w.org\/{rel}","templated":true}]}}